{"id":18335,"date":"2022-05-13T11:05:59","date_gmt":"2022-05-13T11:05:59","guid":{"rendered":"https:\/\/sommaroy.no\/no\/?page_id=18335"},"modified":"2024-06-24T11:45:55","modified_gmt":"2024-06-24T11:45:55","slug":"turtips-sommaroy-tromso","status":"publish","type":"page","link":"https:\/\/sommaroy.no\/no\/turtips-sommaroy-tromso\/","title":{"rendered":"Turtips Sommar\u00f8y Troms\u00f8"},"content":{"rendered":"\t\t<div data-elementor-type=\"wp-page\" data-elementor-id=\"18335\" class=\"elementor elementor-18335\" data-elementor-post-type=\"page\">\n\t\t\t\t\t\t<section class=\"elementor-section elementor-top-section elementor-element elementor-element-cbdee31 elementor-section-height-full elementor-section-boxed elementor-section-height-default elementor-section-items-middle\" data-id=\"cbdee31\" data-element_type=\"section\" data-settings=\"{&quot;background_background&quot;:&quot;classic&quot;}\">\n\t\t\t\t\t\t\t<div class=\"elementor-background-overlay\"><\/div>\n\t\t\t\t\t\t\t<div class=\"elementor-container elementor-column-gap-default\">\n\t\t\t\t\t<div class=\"elementor-column elementor-col-100 elementor-top-column elementor-element elementor-element-88b9680\" data-id=\"88b9680\" data-element_type=\"column\">\n\t\t\t<div class=\"elementor-widget-wrap elementor-element-populated\">\n\t\t\t\t\t\t<div class=\"elementor-element elementor-element-942cc89 elementor-widget elementor-widget-heading\" data-id=\"942cc89\" data-element_type=\"widget\" data-widget_type=\"heading.default\">\n\t\t\t\t<div class=\"elementor-widget-container\">\n\t\t\t<h2 class=\"elementor-heading-title elementor-size-default\">Turtips<\/h2>\t\t<\/div>\n\t\t\t\t<\/div>\n\t\t\t\t<div class=\"elementor-element elementor-element-d111861 elementor-grid-3 elementor-grid-tablet-2 elementor-grid-mobile-1 elementor-posts--thumbnail-top elementor-card-shadow-yes elementor-posts__hover-gradient elementor-widget elementor-widget-posts\" data-id=\"d111861\" data-element_type=\"widget\" data-settings=\"{&quot;cards_columns&quot;:&quot;3&quot;,&quot;cards_columns_tablet&quot;:&quot;2&quot;,&quot;cards_columns_mobile&quot;:&quot;1&quot;,&quot;cards_row_gap&quot;:{&quot;unit&quot;:&quot;px&quot;,&quot;size&quot;:35,&quot;sizes&quot;:[]},&quot;cards_row_gap_tablet&quot;:{&quot;unit&quot;:&quot;px&quot;,&quot;size&quot;:&quot;&quot;,&quot;sizes&quot;:[]},&quot;cards_row_gap_mobile&quot;:{&quot;unit&quot;:&quot;px&quot;,&quot;size&quot;:&quot;&quot;,&quot;sizes&quot;:[]}}\" data-widget_type=\"posts.cards\">\n\t\t\t\t<div class=\"elementor-widget-container\">\n\t\t\t\t\t<div class=\"elementor-posts-container elementor-posts elementor-posts--skin-cards elementor-grid\">\n\t\t\t\t<article class=\"elementor-post elementor-grid-item post-18668 post type-post status-publish format-standard has-post-thumbnail hentry category-turtips\">\n\t\t\t<div class=\"elementor-post__card\">\n\t\t\t\t<a class=\"elementor-post__thumbnail__link\" href=\"https:\/\/sommaroy.no\/no\/hillesoytoppen-ved-sommaroy\/\" tabindex=\"-1\" ><div class=\"elementor-post__thumbnail\"><img fetchpriority=\"high\" decoding=\"async\" width=\"1920\" height=\"1200\" src=\"https:\/\/sommaroy.no\/no\/wp-content\/uploads\/sites\/2\/2019\/06\/hemmeligstranda-1.jpg\" class=\"attachment-full size-full wp-image-11020\" alt=\"\" srcset=\"https:\/\/sommaroy.no\/no\/wp-content\/uploads\/sites\/2\/2019\/06\/hemmeligstranda-1.jpg 1920w, https:\/\/sommaroy.no\/no\/wp-content\/uploads\/sites\/2\/2019\/06\/hemmeligstranda-1-300x188.jpg 300w, https:\/\/sommaroy.no\/no\/wp-content\/uploads\/sites\/2\/2019\/06\/hemmeligstranda-1-1024x640.jpg 1024w, https:\/\/sommaroy.no\/no\/wp-content\/uploads\/sites\/2\/2019\/06\/hemmeligstranda-1-768x480.jpg 768w, https:\/\/sommaroy.no\/no\/wp-content\/uploads\/sites\/2\/2019\/06\/hemmeligstranda-1-1536x960.jpg 1536w\" sizes=\"(max-width: 1920px) 100vw, 1920px\" \/><\/div><\/a>\n\t\t\t\t<div class=\"elementor-post__badge\">Turtips<\/div>\n\t\t\t\t<div class=\"elementor-post__text\">\n\t\t\t\t<h3 class=\"elementor-post__title\">\n\t\t\t<a href=\"https:\/\/sommaroy.no\/no\/hillesoytoppen-ved-sommaroy\/\" >\n\t\t\t\tHilles\u00f8ytoppen ved Sommar\u00f8y\t\t\t<\/a>\n\t\t<\/h3>\n\t\t\t\t<div class=\"elementor-post__excerpt\">\n\t\t\t<p>Flott tur med nydelig utsikt. Startpunkt kun 10 min. gange fra hotellet.<\/p>\n\t\t<\/div>\n\t\t\t\t<\/div>\n\t\t\t\t\t<\/div>\n\t\t<\/article>\n\t\t\t\t<article class=\"elementor-post elementor-grid-item post-2758 post type-post status-publish format-standard has-post-thumbnail hentry category-turtips\">\n\t\t\t<div class=\"elementor-post__card\">\n\t\t\t\t<a class=\"elementor-post__thumbnail__link\" href=\"https:\/\/sommaroy.no\/no\/sorviksaksla-ved-brensholmen\/\" tabindex=\"-1\" ><div class=\"elementor-post__thumbnail\"><img decoding=\"async\" width=\"1080\" height=\"1350\" src=\"https:\/\/sommaroy.no\/no\/wp-content\/uploads\/sites\/2\/2020\/06\/s\u00f8rviksaksla-00171.jpg\" class=\"attachment-full size-full wp-image-2771\" alt=\"\" srcset=\"https:\/\/sommaroy.no\/no\/wp-content\/uploads\/sites\/2\/2020\/06\/s\u00f8rviksaksla-00171.jpg 1080w, https:\/\/sommaroy.no\/no\/wp-content\/uploads\/sites\/2\/2020\/06\/s\u00f8rviksaksla-00171-240x300.jpg 240w, https:\/\/sommaroy.no\/no\/wp-content\/uploads\/sites\/2\/2020\/06\/s\u00f8rviksaksla-00171-819x1024.jpg 819w, https:\/\/sommaroy.no\/no\/wp-content\/uploads\/sites\/2\/2020\/06\/s\u00f8rviksaksla-00171-768x960.jpg 768w\" sizes=\"(max-width: 1080px) 100vw, 1080px\" \/><\/div><\/a>\n\t\t\t\t<div class=\"elementor-post__badge\">Turtips<\/div>\n\t\t\t\t<div class=\"elementor-post__text\">\n\t\t\t\t<h3 class=\"elementor-post__title\">\n\t\t\t<a href=\"https:\/\/sommaroy.no\/no\/sorviksaksla-ved-brensholmen\/\" >\n\t\t\t\tS\u00f8rviksaksla ved Brensholmen\t\t\t<\/a>\n\t\t<\/h3>\n\t\t\t\t<div class=\"elementor-post__excerpt\">\n\t\t\t<p>Plukk bl\u00e5b\u00e6r p\u00e5 veien.<\/p>\n\t\t<\/div>\n\t\t\t\t<\/div>\n\t\t\t\t\t<\/div>\n\t\t<\/article>\n\t\t\t\t<article class=\"elementor-post elementor-grid-item post-2567 post type-post status-publish format-standard has-post-thumbnail hentry category-turtips\">\n\t\t\t<div class=\"elementor-post__card\">\n\t\t\t\t<a class=\"elementor-post__thumbnail__link\" href=\"https:\/\/sommaroy.no\/no\/ornfloya-for-store-og-sma\/\" tabindex=\"-1\" ><div class=\"elementor-post__thumbnail\"><img decoding=\"async\" width=\"1920\" height=\"1282\" src=\"https:\/\/sommaroy.no\/no\/wp-content\/uploads\/sites\/2\/2020\/05\/ornfloya-08322.jpg\" class=\"attachment-full size-full wp-image-2573\" alt=\"\" srcset=\"https:\/\/sommaroy.no\/no\/wp-content\/uploads\/sites\/2\/2020\/05\/ornfloya-08322.jpg 1920w, https:\/\/sommaroy.no\/no\/wp-content\/uploads\/sites\/2\/2020\/05\/ornfloya-08322-300x200.jpg 300w, https:\/\/sommaroy.no\/no\/wp-content\/uploads\/sites\/2\/2020\/05\/ornfloya-08322-1024x684.jpg 1024w, https:\/\/sommaroy.no\/no\/wp-content\/uploads\/sites\/2\/2020\/05\/ornfloya-08322-768x513.jpg 768w, https:\/\/sommaroy.no\/no\/wp-content\/uploads\/sites\/2\/2020\/05\/ornfloya-08322-1536x1026.jpg 1536w\" sizes=\"(max-width: 1920px) 100vw, 1920px\" \/><\/div><\/a>\n\t\t\t\t<div class=\"elementor-post__badge\">Turtips<\/div>\n\t\t\t\t<div class=\"elementor-post__text\">\n\t\t\t\t<h3 class=\"elementor-post__title\">\n\t\t\t<a href=\"https:\/\/sommaroy.no\/no\/ornfloya-for-store-og-sma\/\" >\n\t\t\t\t\u00d8rnfl\u00f8ya for store og sm\u00e5\t\t\t<\/a>\n\t\t<\/h3>\n\t\t\t\t<div class=\"elementor-post__excerpt\">\n\t\t\t<p>Et lite fjell med fantastisk utsikt.<\/p>\n\t\t<\/div>\n\t\t\t\t<\/div>\n\t\t\t\t\t<\/div>\n\t\t<\/article>\n\t\t\t\t<\/div>\n\t\t\n\t\t\t\t<\/div>\n\t\t\t\t<\/div>\n\t\t\t\t\t<\/div>\n\t\t<\/div>\n\t\t\t\t\t<\/div>\n\t\t<\/section>\n\t\t\t\t<\/div>\n\t\t","protected":false},"excerpt":{"rendered":"<p>Turtips<\/p>\n","protected":false},"author":1,"featured_media":0,"parent":0,"menu_order":0,"comment_status":"closed","ping_status":"closed","template":"","meta":{"_seopress_robots_primary_cat":"","_seopress_titles_title":"","_seopress_titles_desc":"Turtips for flotte fotturer i omr\u00e5det Sommar\u00f8y, Brensholmen og Kval\u00f8ya","_seopress_robots_index":"","site-sidebar-layout":"no-sidebar","site-content-layout":"page-builder","ast-site-content-layout":"","site-content-style":"default","site-sidebar-style":"default","ast-global-header-display":"","ast-banner-title-visibility":"","ast-main-header-display":"","ast-hfb-above-header-display":"","ast-hfb-below-header-display":"","ast-hfb-mobile-header-display":"","site-post-title":"disabled","ast-breadcrumbs-content":"","ast-featured-img":"disabled","footer-sml-layout":"","theme-transparent-header-meta":"","adv-header-id-meta":"","stick-header-meta":"","header-above-stick-meta":"","header-main-stick-meta":"","header-below-stick-meta":"","astra-migrate-meta-layouts":"default","ast-page-background-enabled":"default","ast-page-background-meta":{"desktop":{"background-color":"","background-image":"","background-repeat":"repeat","background-position":"center center","background-size":"auto","background-attachment":"scroll","background-type":"","background-media":"","overlay-type":"","overlay-color":"","overlay-opacity":"","overlay-gradient":""},"tablet":{"background-color":"","background-image":"","background-repeat":"repeat","background-position":"center center","background-size":"auto","background-attachment":"scroll","background-type":"","background-media":"","overlay-type":"","overlay-color":"","overlay-opacity":"","overlay-gradient":""},"mobile":{"background-color":"","background-image":"","background-repeat":"repeat","background-position":"center center","background-size":"auto","background-attachment":"scroll","background-type":"","background-media":"","overlay-type":"","overlay-color":"","overlay-opacity":"","overlay-gradient":""}},"ast-content-background-meta":{"desktop":{"background-color":"var(--ast-global-color-5)","background-image":"","background-repeat":"repeat","background-position":"center center","background-size":"auto","background-attachment":"scroll","background-type":"","background-media":"","overlay-type":"","overlay-color":"","overlay-opacity":"","overlay-gradient":""},"tablet":{"background-color":"var(--ast-global-color-5)","background-image":"","background-repeat":"repeat","background-position":"center center","background-size":"auto","background-attachment":"scroll","background-type":"","background-media":"","overlay-type":"","overlay-color":"","overlay-opacity":"","overlay-gradient":""},"mobile":{"background-color":"var(--ast-global-color-5)","background-image":"","background-repeat":"repeat","background-position":"center center","background-size":"auto","background-attachment":"scroll","background-type":"","background-media":"","overlay-type":"","overlay-color":"","overlay-opacity":"","overlay-gradient":""}},"footnotes":""},"class_list":["post-18335","page","type-page","status-publish","hentry"],"_links":{"self":[{"href":"https:\/\/sommaroy.no\/no\/wp-json\/wp\/v2\/pages\/18335","targetHints":{"allow":["GET"]}}],"collection":[{"href":"https:\/\/sommaroy.no\/no\/wp-json\/wp\/v2\/pages"}],"about":[{"href":"https:\/\/sommaroy.no\/no\/wp-json\/wp\/v2\/types\/page"}],"author":[{"embeddable":true,"href":"https:\/\/sommaroy.no\/no\/wp-json\/wp\/v2\/users\/1"}],"replies":[{"embeddable":true,"href":"https:\/\/sommaroy.no\/no\/wp-json\/wp\/v2\/comments?post=18335"}],"version-history":[{"count":8,"href":"https:\/\/sommaroy.no\/no\/wp-json\/wp\/v2\/pages\/18335\/revisions"}],"predecessor-version":[{"id":27121,"href":"https:\/\/sommaroy.no\/no\/wp-json\/wp\/v2\/pages\/18335\/revisions\/27121"}],"wp:attachment":[{"href":"https:\/\/sommaroy.no\/no\/wp-json\/wp\/v2\/media?parent=18335"}],"curies":[{"name":"wp","href":"https:\/\/api.w.org\/{rel}","templated":true}]}}