{"id":20215,"date":"2022-09-13T09:31:35","date_gmt":"2022-09-13T09:31:35","guid":{"rendered":"https:\/\/sommaroy.no\/no\/?page_id=20215"},"modified":"2022-10-05T10:48:02","modified_gmt":"2022-10-05T10:48:02","slug":"personvernerklaering","status":"publish","type":"page","link":"https:\/\/sommaroy.no\/no\/personvernerklaering\/","title":{"rendered":"Personvernerkl\u00e6ring"},"content":{"rendered":"\t\t<div data-elementor-type=\"wp-page\" data-elementor-id=\"20215\" class=\"elementor elementor-20215\" data-elementor-post-type=\"page\">\n\t\t\t\t\t\t<section class=\"elementor-section elementor-top-section elementor-element elementor-element-dd3c245 elementor-section-boxed elementor-section-height-default elementor-section-height-default\" data-id=\"dd3c245\" data-element_type=\"section\">\n\t\t\t\t\t\t<div class=\"elementor-container elementor-column-gap-default\">\n\t\t\t\t\t<div class=\"elementor-column elementor-col-100 elementor-top-column elementor-element elementor-element-80a57e5\" data-id=\"80a57e5\" data-element_type=\"column\">\n\t\t\t<div class=\"elementor-widget-wrap elementor-element-populated\">\n\t\t\t\t\t\t<div class=\"elementor-element elementor-element-b7c909d elementor-widget elementor-widget-text-editor\" data-id=\"b7c909d\" data-element_type=\"widget\" data-widget_type=\"text-editor.default\">\n\t\t\t\t<div class=\"elementor-widget-container\">\n\t\t\t\t\t\t\t<p>Denne personvernerkl\u00e6ringen gjelder alle forretningsprosesser hos Sommar\u00f8y Arctic Hotel Troms\u00f8 AS, heretter benevnt som Behandlingsansvarlig.<\/p><p>Erkl\u00e6ringen gir informasjon om databehandling utf\u00f8rt av Behandlingsansvarlig og bestemmer form\u00e5let og virkemidlene for behandlingen samt databehandling vi gj\u00f8r p\u00e5 vegne av v\u00e5re kunder basert p\u00e5 deres instruksjoner.<\/p><p>Behandling av personlige data er n\u00f8dvendig for at vi skal kunne ivareta v\u00e5re kontraktsforpliktelser og betjene deg som kunde. Personlig data kan ogs\u00e5 benyttes til f\u00f8lgende form\u00e5l: Salg, kontakt med kundeservice, markedsf\u00f8ring, informasjon, bokf\u00f8ring.<\/p><p>Ved markedsf\u00f8ring p\u00e5 e-post\/sms innhentes et eksplisitt samtykke p\u00e5 forh\u00e5nd.<\/p><p>Ved \u00e5 gi oss dine personlige opplysninger, godtar du praksis og vilk\u00e5r som er beskrevet i denne personvernerkl\u00e6ringen.<\/p><p>Om du har innsigelser med hensyn til v\u00e5r behandling av personvern har du ogs\u00e5 anledning \u00e5 klage til Datatilsynet.<\/p><p>Behandlingsansvarlig:<\/p><p>Sommar\u00f8y Arctic Hotel Troms\u00f8 AS<br \/>Skipsholmvegen 22<br \/>9110 Sommar\u00f8y<br \/>E-post: goran@sommaroy.no<br \/>Telefon: +47 906 04 358<\/p><p>Personvernombud:<\/p><p>E-post: goran@sommaroy.no<br \/>Telefon: +47 906 04 358<\/p><p>Opplysninger som innhentes<\/p><p>Opplysninger kan registreres og lagres n\u00e5r du registrerer deg p\u00e5 sommaroy.no, n\u00e5r du er i kontakt med salg og support enten via e-post, chat eller n\u00e5r du bruker v\u00e5re tjenester.<\/p><p>Hvor lagrer vi informasjon om deg \u2013 og hvor deler vi informasjonen om deg med andre?<\/p><p><b>Underleverand\u00f8rer<\/b><\/p><p>Behandlingsansvarlig benytter seg ogs\u00e5 av tjenester levert av 3. Part. Her er en oversikt over underleverand\u00f8rer hvor informasjon kan lagres<\/p><p><b>Klarna:<\/b><\/p><p>Vi anvender Klarna som leverand\u00f8r av v\u00e5r kasse. Detta inneb\u00e6rer at vi kan komme til \u00e5 dele dine personopplysninger som kontaktinformasjon og ordreinformasjon med Klarna n\u00e5r kassen sjekkes ut, for at Klarna ska kunne h\u00e5ndtere ditt kj\u00f8p. Dine personopplysninger som deles behandles gjennom <a href=\"https:\/\/cdn.klarna.com\/1.0\/shared\/content\/legal\/terms\/0\/sv_se\/privacy\">Klarnas egen personvernpolicy<\/a>.<\/p><p><b>Visbook AS:<\/b><\/p><p>Visbook AS er leverand\u00f8r og utvikler av v\u00e5rt bookingsystem Visbook AS.<\/p><p>Visbook AS egen personvernerkl\u00e6ring finner du p\u00e5 denne linken:<\/p><p><blockquote class=\"wp-embedded-content\" data-secret=\"6BXRbI0s8a\"><a href=\"https:\/\/visbook.com\/privacy\/\">Privacy<\/a><\/blockquote><iframe class=\"wp-embedded-content\" sandbox=\"allow-scripts\" security=\"restricted\" style=\"position: absolute; clip: rect(1px, 1px, 1px, 1px);\" title=\"&#8220;Privacy&#8221; &#8212; VisBook\" src=\"https:\/\/visbook.com\/privacy\/embed\/#?secret=0zY32zqz6r#?secret=6BXRbI0s8a\" data-secret=\"6BXRbI0s8a\" width=\"500\" height=\"282\" frameborder=\"0\" marginwidth=\"0\" marginheight=\"0\" scrolling=\"no\"><\/iframe><\/p><p><b>Google Analytics:<\/b><\/p><p>Google Analytics benyttes for analyse av trafikk. IP-adresser og bes\u00f8ksm\u00f8nster lagres.<\/p><p><b>Innsyn og retting<\/b><\/p><p>Du har krav p\u00e5 innsyn i de opplysninger som er registrert om deg. Innsyn kan ogs\u00e5 f\u00e5s ved \u00e5 sende en henvendelse til\u00a0<a href=\"mailto:goran@sommaroy.no\" target=\"_blank\" rel=\"noopener\">goran@sommaroy.no<\/a>. Dersom de registrerte opplysninger ikke er riktige eller er ufullstendige, kan du kreve at opplysningene korrigeres i henhold til personopplysningsloven.<\/p><p><b>Oppbevaring og sletting<\/b><\/p><p>Opplysninger som ikke lenger er n\u00f8dvendig for det form\u00e5l de er laget for, slettes fra v\u00e5re systemer.<\/p><p><b>Informasjon om bruk av informasjonskapsler.<\/b><br \/>En informasjonskapsel (cookie) er en liten tekstfil som lagres p\u00e5 din datamaskin.<\/p><p>Vi bruker informasjonskapsler blant annet til \u00e5 huske din innlogging, passord i kryptert form, til \u00e5 forbedre brukeropplevelsen og som en del av v\u00e5r markedsf\u00f8ring mot nye kunder.<\/p><p>N\u00e5r du bes\u00f8ker v\u00e5re tjenester, setter vi b\u00e5de midlertidige og varige informasjonskapsler. En midlertidig informasjonskapsel slettes ofte automatisk n\u00e5r du lukker nettleseren din, mens varige kan ligge p\u00e5 din maskin i opptil ett \u00e5r.<\/p><p>Om du \u00f8nsker \u00e5 l\u00e6re mer om informasjonskapsler kan http:\/\/www.aboutcookies.org benyttes.<\/p><p><b>F\u00f8lgende informasjonskapsler er i bruk i v\u00e5re tjenester<\/b><\/p><p>Bruk av Klarna Checkout<\/p><p>N\u00e5r v\u00e5re butikkl\u00f8sninger benyttes sammen med Klarna Checkout settes det informasjonskapsler fra Klarna. Mer informasjon p\u00e5 https:\/\/www.klarna.com\/no\/cookies\/.<\/p><p><span style=\"font-size: 17px;\">Google Analytics<\/span><\/p><p>Google Analytics benytter informasjonskapsler for analyse av trafikk.<\/p><p>Google Adwords<\/p><p>Vi benytter oss av annonsering gjennom Google sin plattform. Informasjonskapsler benyttes slik at annonsering kan m\u00e5lrettes basert p\u00e5 bes\u00f8ksm\u00f8nster.<\/p><p>Facebook Pixel<\/p><p>Vi benytter oss av annonsering gjennom Facebook sin plattform. Informasjonskapsler benyttes slik at annonsering kan m\u00e5lrettes basert p\u00e5 bes\u00f8ksm\u00f8nster.<\/p><p><b>Samtykke i bruk av informasjonskapsler<\/b><\/p><p>I henhold til norsk lov har du automatisk samtykket i at vi lagrer informasjonskapsler p\u00e5 din datamaskin dersom du tillater dette gjennom innstillingene i din nettleser.gora<\/p>\t\t\t\t\t\t<\/div>\n\t\t\t\t<\/div>\n\t\t\t\t\t<\/div>\n\t\t<\/div>\n\t\t\t\t\t<\/div>\n\t\t<\/section>\n\t\t\t\t<\/div>\n\t\t","protected":false},"excerpt":{"rendered":"<p>Denne personvernerkl\u00e6ringen gjelder alle forretningsprosesser hos Sommar\u00f8y Arctic Hotel Troms\u00f8 AS, heretter benevnt som Behandlingsansvarlig. Erkl\u00e6ringen gir informasjon om databehandling utf\u00f8rt av Behandlingsansvarlig og bestemmer form\u00e5let og virkemidlene for behandlingen samt databehandling vi gj\u00f8r p\u00e5 vegne av v\u00e5re kunder basert p\u00e5 deres instruksjoner. Behandling av personlige data er n\u00f8dvendig for at vi skal kunne ivareta [&hellip;]<\/p>\n","protected":false},"author":1,"featured_media":0,"parent":0,"menu_order":0,"comment_status":"closed","ping_status":"closed","template":"","meta":{"_seopress_robots_primary_cat":"","_seopress_titles_title":"","_seopress_titles_desc":"","_seopress_robots_index":"","site-sidebar-layout":"no-sidebar","site-content-layout":"page-builder","ast-site-content-layout":"","site-content-style":"default","site-sidebar-style":"default","ast-global-header-display":"","ast-banner-title-visibility":"","ast-main-header-display":"","ast-hfb-above-header-display":"","ast-hfb-below-header-display":"","ast-hfb-mobile-header-display":"","site-post-title":"disabled","ast-breadcrumbs-content":"","ast-featured-img":"disabled","footer-sml-layout":"","theme-transparent-header-meta":"","adv-header-id-meta":"","stick-header-meta":"","header-above-stick-meta":"","header-main-stick-meta":"","header-below-stick-meta":"","astra-migrate-meta-layouts":"default","ast-page-background-enabled":"default","ast-page-background-meta":{"desktop":{"background-color":"","background-image":"","background-repeat":"repeat","background-position":"center center","background-size":"auto","background-attachment":"scroll","background-type":"","background-media":"","overlay-type":"","overlay-color":"","overlay-opacity":"","overlay-gradient":""},"tablet":{"background-color":"","background-image":"","background-repeat":"repeat","background-position":"center center","background-size":"auto","background-attachment":"scroll","background-type":"","background-media":"","overlay-type":"","overlay-color":"","overlay-opacity":"","overlay-gradient":""},"mobile":{"background-color":"","background-image":"","background-repeat":"repeat","background-position":"center center","background-size":"auto","background-attachment":"scroll","background-type":"","background-media":"","overlay-type":"","overlay-color":"","overlay-opacity":"","overlay-gradient":""}},"ast-content-background-meta":{"desktop":{"background-color":"var(--ast-global-color-5)","background-image":"","background-repeat":"repeat","background-position":"center center","background-size":"auto","background-attachment":"scroll","background-type":"","background-media":"","overlay-type":"","overlay-color":"","overlay-opacity":"","overlay-gradient":""},"tablet":{"background-color":"var(--ast-global-color-5)","background-image":"","background-repeat":"repeat","background-position":"center center","background-size":"auto","background-attachment":"scroll","background-type":"","background-media":"","overlay-type":"","overlay-color":"","overlay-opacity":"","overlay-gradient":""},"mobile":{"background-color":"var(--ast-global-color-5)","background-image":"","background-repeat":"repeat","background-position":"center center","background-size":"auto","background-attachment":"scroll","background-type":"","background-media":"","overlay-type":"","overlay-color":"","overlay-opacity":"","overlay-gradient":""}},"footnotes":""},"class_list":["post-20215","page","type-page","status-publish","hentry"],"_links":{"self":[{"href":"https:\/\/sommaroy.no\/no\/wp-json\/wp\/v2\/pages\/20215","targetHints":{"allow":["GET"]}}],"collection":[{"href":"https:\/\/sommaroy.no\/no\/wp-json\/wp\/v2\/pages"}],"about":[{"href":"https:\/\/sommaroy.no\/no\/wp-json\/wp\/v2\/types\/page"}],"author":[{"embeddable":true,"href":"https:\/\/sommaroy.no\/no\/wp-json\/wp\/v2\/users\/1"}],"replies":[{"embeddable":true,"href":"https:\/\/sommaroy.no\/no\/wp-json\/wp\/v2\/comments?post=20215"}],"version-history":[{"count":13,"href":"https:\/\/sommaroy.no\/no\/wp-json\/wp\/v2\/pages\/20215\/revisions"}],"predecessor-version":[{"id":20604,"href":"https:\/\/sommaroy.no\/no\/wp-json\/wp\/v2\/pages\/20215\/revisions\/20604"}],"wp:attachment":[{"href":"https:\/\/sommaroy.no\/no\/wp-json\/wp\/v2\/media?parent=20215"}],"curies":[{"name":"wp","href":"https:\/\/api.w.org\/{rel}","templated":true}]}}