{"id":5004,"date":"2020-11-24T10:12:15","date_gmt":"2020-11-24T10:12:15","guid":{"rendered":"https:\/\/sommaroy.no\/no\/?page_id=5004"},"modified":"2023-12-19T10:03:25","modified_gmt":"2023-12-19T10:03:25","slug":"gavekort","status":"publish","type":"page","link":"https:\/\/sommaroy.no\/no\/gavekort\/","title":{"rendered":"Gavekort"},"content":{"rendered":"\t\t<div data-elementor-type=\"wp-page\" data-elementor-id=\"5004\" class=\"elementor elementor-5004\" data-elementor-post-type=\"page\">\n\t\t\t\t\t\t<section class=\"elementor-section elementor-top-section elementor-element elementor-element-2aef001 elementor-section-height-full elementor-section-boxed elementor-section-height-default elementor-section-items-middle\" data-id=\"2aef001\" data-element_type=\"section\" data-settings=\"{&quot;background_background&quot;:&quot;classic&quot;}\">\n\t\t\t\t\t\t\t<div class=\"elementor-background-overlay\"><\/div>\n\t\t\t\t\t\t\t<div class=\"elementor-container elementor-column-gap-default\">\n\t\t\t\t\t<div class=\"elementor-column elementor-col-100 elementor-top-column elementor-element elementor-element-27f272e\" data-id=\"27f272e\" data-element_type=\"column\">\n\t\t\t<div class=\"elementor-widget-wrap elementor-element-populated\">\n\t\t\t\t\t\t<div class=\"elementor-element elementor-element-c708c98 elementor-widget elementor-widget-heading\" data-id=\"c708c98\" data-element_type=\"widget\" data-widget_type=\"heading.default\">\n\t\t\t\t<div class=\"elementor-widget-container\">\n\t\t\t<h2 class=\"elementor-heading-title elementor-size-default\">Gavekort<\/h2>\t\t<\/div>\n\t\t\t\t<\/div>\n\t\t\t\t<div class=\"elementor-element elementor-element-aa92a03 elementor-widget elementor-widget-text-editor\" data-id=\"aa92a03\" data-element_type=\"widget\" data-widget_type=\"text-editor.default\">\n\t\t\t\t<div class=\"elementor-widget-container\">\n\t\t\t\t\t\t\t<p>Vi selger gavekort p\u00e5 overnatting, mat og opplevelser p\u00e5 Sommar\u00f8y. \u00d8nsker du en helt spesiell kombinasjon &#8211; sp\u00f8r oss gjerne s\u00e5 ordner vi.\u00a0<\/p>\t\t\t\t\t\t<\/div>\n\t\t\t\t<\/div>\n\t\t\t\t<div class=\"elementor-element elementor-element-62087ad elementor-widget elementor-widget-html\" data-id=\"62087ad\" data-element_type=\"widget\" data-widget_type=\"html.default\">\n\t\t\t\t<div class=\"elementor-widget-container\">\n\t\t\t<a href=\"https:\/\/sommaroy.givn.no\/\"><img decoding=\"async\" alt=\"Kj\u00f8p gavekort fra Sommar\u00f8y Arctic Hotel Troms\u00f8 med Givn\" src=\"https:\/\/cdn.givn.no\/badges\/v1\/landscape_yellow.svg\" style=\"width: 260px\"><\/a>\t\t<\/div>\n\t\t\t\t<\/div>\n\t\t\t\t<div class=\"elementor-element elementor-element-c34048f elementor-widget elementor-widget-text-editor\" data-id=\"c34048f\" data-element_type=\"widget\" data-widget_type=\"text-editor.default\">\n\t\t\t\t<div class=\"elementor-widget-container\">\n\t\t\t\t\t\t\t<p>Kj\u00f8p effektueres automatisk og du vil motta ditt gavekort p\u00e5 e-post umiddelbart etter betaling. V\u00e5re gavekort kj\u00f8pes hos GIVN og er gyldig i to \u00e5r.<\/p>\t\t\t\t\t\t<\/div>\n\t\t\t\t<\/div>\n\t\t\t\t\t<\/div>\n\t\t<\/div>\n\t\t\t\t\t<\/div>\n\t\t<\/section>\n\t\t\t\t<\/div>\n\t\t","protected":false},"excerpt":{"rendered":"<p>Gavekort Vi selger gavekort p\u00e5 overnatting, mat og opplevelser p\u00e5 Sommar\u00f8y. \u00d8nsker du en helt spesiell kombinasjon &#8211; sp\u00f8r oss gjerne s\u00e5 ordner vi. Kj\u00f8p effektueres automatisk og du vil motta ditt gavekort p\u00e5 e-post umiddelbart etter betaling. V\u00e5re gavekort kj\u00f8pes hos GIVN og er gyldig i to \u00e5r.<\/p>\n","protected":false},"author":1,"featured_media":0,"parent":0,"menu_order":0,"comment_status":"closed","ping_status":"closed","template":"","meta":{"_seopress_robots_primary_cat":"","_seopress_titles_title":"Gavekort Sommar\u00f8y Troms\u00f8","_seopress_titles_desc":"Kj\u00f8p gavekort p\u00e5 overnatting, mat og opplevelser eller en helt spesiell kombinasjon. Kortet sendes umiddelbart til din e-post, vi tilbyr betaling med Klarna.","_seopress_robots_index":"","site-sidebar-layout":"no-sidebar","site-content-layout":"page-builder","ast-site-content-layout":"full-width-container","site-content-style":"unboxed","site-sidebar-style":"unboxed","ast-global-header-display":"","ast-banner-title-visibility":"","ast-main-header-display":"","ast-hfb-above-header-display":"","ast-hfb-below-header-display":"","ast-hfb-mobile-header-display":"","site-post-title":"disabled","ast-breadcrumbs-content":"","ast-featured-img":"disabled","footer-sml-layout":"","theme-transparent-header-meta":"enabled","adv-header-id-meta":"","stick-header-meta":"default","header-above-stick-meta":"","header-main-stick-meta":"","header-below-stick-meta":"","astra-migrate-meta-layouts":"set","ast-page-background-enabled":"default","ast-page-background-meta":{"desktop":{"background-color":"","background-image":"","background-repeat":"repeat","background-position":"center center","background-size":"auto","background-attachment":"scroll","background-type":"","background-media":"","overlay-type":"","overlay-color":"","overlay-opacity":"","overlay-gradient":""},"tablet":{"background-color":"","background-image":"","background-repeat":"repeat","background-position":"center center","background-size":"auto","background-attachment":"scroll","background-type":"","background-media":"","overlay-type":"","overlay-color":"","overlay-opacity":"","overlay-gradient":""},"mobile":{"background-color":"","background-image":"","background-repeat":"repeat","background-position":"center center","background-size":"auto","background-attachment":"scroll","background-type":"","background-media":"","overlay-type":"","overlay-color":"","overlay-opacity":"","overlay-gradient":""}},"ast-content-background-meta":{"desktop":{"background-color":"var(--ast-global-color-5)","background-image":"","background-repeat":"repeat","background-position":"center center","background-size":"auto","background-attachment":"scroll","background-type":"","background-media":"","overlay-type":"","overlay-color":"","overlay-opacity":"","overlay-gradient":""},"tablet":{"background-color":"var(--ast-global-color-5)","background-image":"","background-repeat":"repeat","background-position":"center center","background-size":"auto","background-attachment":"scroll","background-type":"","background-media":"","overlay-type":"","overlay-color":"","overlay-opacity":"","overlay-gradient":""},"mobile":{"background-color":"var(--ast-global-color-5)","background-image":"","background-repeat":"repeat","background-position":"center center","background-size":"auto","background-attachment":"scroll","background-type":"","background-media":"","overlay-type":"","overlay-color":"","overlay-opacity":"","overlay-gradient":""}},"footnotes":""},"class_list":["post-5004","page","type-page","status-publish","hentry"],"_links":{"self":[{"href":"https:\/\/sommaroy.no\/no\/wp-json\/wp\/v2\/pages\/5004","targetHints":{"allow":["GET"]}}],"collection":[{"href":"https:\/\/sommaroy.no\/no\/wp-json\/wp\/v2\/pages"}],"about":[{"href":"https:\/\/sommaroy.no\/no\/wp-json\/wp\/v2\/types\/page"}],"author":[{"embeddable":true,"href":"https:\/\/sommaroy.no\/no\/wp-json\/wp\/v2\/users\/1"}],"replies":[{"embeddable":true,"href":"https:\/\/sommaroy.no\/no\/wp-json\/wp\/v2\/comments?post=5004"}],"version-history":[{"count":34,"href":"https:\/\/sommaroy.no\/no\/wp-json\/wp\/v2\/pages\/5004\/revisions"}],"predecessor-version":[{"id":25101,"href":"https:\/\/sommaroy.no\/no\/wp-json\/wp\/v2\/pages\/5004\/revisions\/25101"}],"wp:attachment":[{"href":"https:\/\/sommaroy.no\/no\/wp-json\/wp\/v2\/media?parent=5004"}],"curies":[{"name":"wp","href":"https:\/\/api.w.org\/{rel}","templated":true}]}}