{"id":9772,"date":"2021-04-29T11:00:13","date_gmt":"2021-04-29T11:00:13","guid":{"rendered":"https:\/\/sommaroy.no\/no\/?page_id=9772"},"modified":"2025-07-01T13:45:31","modified_gmt":"2025-07-01T13:45:31","slug":"fergerute-brensholmen-kvaloya-botnhamn-senja","status":"publish","type":"page","link":"https:\/\/sommaroy.no\/no\/fergerute-brensholmen-kvaloya-botnhamn-senja\/","title":{"rendered":"Fergerute Brensholmen Kval\u00f8ya &#8211; Botnhamn Senja"},"content":{"rendered":"\t\t<div data-elementor-type=\"wp-page\" data-elementor-id=\"9772\" class=\"elementor elementor-9772\" data-elementor-post-type=\"page\">\n\t\t\t\t<div class=\"elementor-element elementor-element-f40c0bc e-flex e-con-boxed e-con e-parent\" data-id=\"f40c0bc\" data-element_type=\"container\" data-settings=\"{&quot;background_background&quot;:&quot;classic&quot;}\">\n\t\t\t\t\t<div class=\"e-con-inner\">\n\t\t<div class=\"elementor-element elementor-element-c12c5f1 e-con-full e-flex e-con e-child\" data-id=\"c12c5f1\" data-element_type=\"container\" data-settings=\"{&quot;background_background&quot;:&quot;classic&quot;}\">\n\t\t\t\t<div class=\"elementor-element elementor-element-21243c2 elementor-widget elementor-widget-heading\" data-id=\"21243c2\" data-element_type=\"widget\" data-widget_type=\"heading.default\">\n\t\t\t\t<div class=\"elementor-widget-container\">\n\t\t\t<h2 class=\"elementor-heading-title elementor-size-default\">Ferge og buss 2025<\/h2>\t\t<\/div>\n\t\t\t\t<\/div>\n\t\t<div class=\"elementor-element elementor-element-2f6bbf9 e-con-full e-flex e-con e-child\" data-id=\"2f6bbf9\" data-element_type=\"container\">\n\t\t<div class=\"elementor-element elementor-element-9b18cb2 e-con-full e-flex e-con e-child\" data-id=\"9b18cb2\" data-element_type=\"container\" data-settings=\"{&quot;background_background&quot;:&quot;classic&quot;}\">\n\t\t\t\t<div class=\"elementor-element elementor-element-b8cdfe1 elementor-widget elementor-widget-heading\" data-id=\"b8cdfe1\" data-element_type=\"widget\" data-widget_type=\"heading.default\">\n\t\t\t\t<div class=\"elementor-widget-container\">\n\t\t\t<h2 class=\"elementor-heading-title elementor-size-default\">Fergerute<br>Brensholmen Kval\u00f8ya - Botnhamn Senja<\/h2>\t\t<\/div>\n\t\t\t\t<\/div>\n\t\t\t\t<div class=\"elementor-element elementor-element-d6a2f9e elementor-align-center elementor-widget elementor-widget-button\" data-id=\"d6a2f9e\" data-element_type=\"widget\" data-widget_type=\"button.default\">\n\t\t\t\t<div class=\"elementor-widget-container\">\n\t\t\t\t\t<div class=\"elementor-button-wrapper\">\n\t\t\t<a class=\"elementor-button elementor-button-link elementor-size-sm\" href=\"https:\/\/sommaroy.no\/no\/wp-content\/uploads\/sites\/2\/2025\/03\/181-Botnhamn-Brensholmen.pdf\">\n\t\t\t\t\t\t<span class=\"elementor-button-content-wrapper\">\n\t\t\t\t\t\t\t\t\t<span class=\"elementor-button-text\">Se fergerute (PDF)<\/span>\n\t\t\t\t\t<\/span>\n\t\t\t\t\t<\/a>\n\t\t<\/div>\n\t\t\t\t<\/div>\n\t\t\t\t<\/div>\n\t\t\t\t<div class=\"elementor-element elementor-element-6ba75e0 elementor-widget elementor-widget-heading\" data-id=\"6ba75e0\" data-element_type=\"widget\" data-widget_type=\"heading.default\">\n\t\t\t\t<div class=\"elementor-widget-container\">\n\t\t\t<h2 class=\"elementor-heading-title elementor-size-default\">V\u00e5rt hotell p\u00e5 Sommar\u00f8y \/ Hilles\u00f8y ligger 10 min. kj\u00f8ring (8 km) fra fergeleiet p\u00e5 Brensholmen. Overfarten tar 40 min.<\/h2>\t\t<\/div>\n\t\t\t\t<\/div>\n\t\t\t\t<div class=\"elementor-element elementor-element-3f9fbf0 elementor-hidden-desktop elementor-hidden-tablet elementor-widget elementor-widget-heading\" data-id=\"3f9fbf0\" data-element_type=\"widget\" data-widget_type=\"heading.default\">\n\t\t\t\t<div class=\"elementor-widget-container\">\n\t\t\t<h2 class=\"elementor-heading-title elementor-size-default\">\u00c5pen restaurant alle dager 12-2130<\/h2>\t\t<\/div>\n\t\t\t\t<\/div>\n\t\t\t\t<\/div>\n\t\t<div class=\"elementor-element elementor-element-cd08d33 e-con-full e-flex e-con e-child\" data-id=\"cd08d33\" data-element_type=\"container\" data-settings=\"{&quot;background_background&quot;:&quot;classic&quot;}\">\n\t\t\t\t<div class=\"elementor-element elementor-element-bc76829 elementor-widget elementor-widget-heading\" data-id=\"bc76829\" data-element_type=\"widget\" data-widget_type=\"heading.default\">\n\t\t\t\t<div class=\"elementor-widget-container\">\n\t\t\t<h2 class=\"elementor-heading-title elementor-size-default\">Buss<br>Troms\u00f8 - Sommar\u00f8y<\/h2>\t\t<\/div>\n\t\t\t\t<\/div>\n\t\t\t\t<div class=\"elementor-element elementor-element-c8aff97 elementor-align-center elementor-widget elementor-widget-button\" data-id=\"c8aff97\" data-element_type=\"widget\" data-widget_type=\"button.default\">\n\t\t\t\t<div class=\"elementor-widget-container\">\n\t\t\t\t\t<div class=\"elementor-button-wrapper\">\n\t\t\t<a class=\"elementor-button elementor-button-link elementor-size-sm\" href=\"https:\/\/svipper.no\/\">\n\t\t\t\t\t\t<span class=\"elementor-button-content-wrapper\">\n\t\t\t\t\t\t\t\t\t<span class=\"elementor-button-text\">S\u00f8k busstider<\/span>\n\t\t\t\t\t<\/span>\n\t\t\t\t\t<\/a>\n\t\t<\/div>\n\t\t\t\t<\/div>\n\t\t\t\t<\/div>\n\t\t\t\t<div class=\"elementor-element elementor-element-e9c8d53 elementor-widget elementor-widget-heading\" data-id=\"e9c8d53\" data-element_type=\"widget\" data-widget_type=\"heading.default\">\n\t\t\t\t<div class=\"elementor-widget-container\">\n\t\t\t<h2 class=\"elementor-heading-title elementor-size-default\">S\u00f8k fra Troms\u00f8 (Prostneset) til Hilles\u00f8y kryss<br>Siste buss fra Troms\u00f8 er kl. 1613, dessverre ingen buss l\u00f8rdager.<\/h2>\t\t<\/div>\n\t\t\t\t<\/div>\n\t\t\t\t<\/div>\n\t\t\t\t<\/div>\n\t\t\t\t<div class=\"elementor-element elementor-element-7c0812b elementor-hidden-phone elementor-widget elementor-widget-heading\" data-id=\"7c0812b\" data-element_type=\"widget\" data-widget_type=\"heading.default\">\n\t\t\t\t<div class=\"elementor-widget-container\">\n\t\t\t<h2 class=\"elementor-heading-title elementor-size-default\">\u00c5pen restaurant alle dager 12-21.30<\/h2>\t\t<\/div>\n\t\t\t\t<\/div>\n\t\t<div class=\"elementor-element elementor-element-8eb56a3 e-con-full e-flex e-con e-child\" data-id=\"8eb56a3\" data-element_type=\"container\">\n\t\t<div class=\"elementor-element elementor-element-03c092f e-con-full e-flex e-con e-child\" data-id=\"03c092f\" data-element_type=\"container\">\n\t\t\t\t<div class=\"elementor-element elementor-element-f6a7b10 elementor-align-center elementor-mobile-align-justify elementor-widget elementor-widget-button\" data-id=\"f6a7b10\" data-element_type=\"widget\" data-widget_type=\"button.default\">\n\t\t\t\t<div class=\"elementor-widget-container\">\n\t\t\t\t\t<div class=\"elementor-button-wrapper\">\n\t\t\t<a class=\"elementor-button elementor-button-link elementor-size-sm\" href=\"https:\/\/sommaroy.no\/no\/\">\n\t\t\t\t\t\t<span class=\"elementor-button-content-wrapper\">\n\t\t\t\t\t\t\t\t\t<span class=\"elementor-button-text\">Rom<\/span>\n\t\t\t\t\t<\/span>\n\t\t\t\t\t<\/a>\n\t\t<\/div>\n\t\t\t\t<\/div>\n\t\t\t\t<\/div>\n\t\t\t\t<\/div>\n\t\t<div class=\"elementor-element elementor-element-65f08f2 e-con-full e-flex e-con e-child\" data-id=\"65f08f2\" data-element_type=\"container\">\n\t\t\t\t<div class=\"elementor-element elementor-element-945f980 elementor-align-center elementor-mobile-align-justify elementor-widget elementor-widget-button\" data-id=\"945f980\" data-element_type=\"widget\" data-widget_type=\"button.default\">\n\t\t\t\t<div class=\"elementor-widget-container\">\n\t\t\t\t\t<div class=\"elementor-button-wrapper\">\n\t\t\t<a class=\"elementor-button elementor-button-link elementor-size-sm\" href=\"https:\/\/sommaroy.no\/no\/restaurant\/\">\n\t\t\t\t\t\t<span class=\"elementor-button-content-wrapper\">\n\t\t\t\t\t\t\t\t\t<span class=\"elementor-button-text\">Se meny<\/span>\n\t\t\t\t\t<\/span>\n\t\t\t\t\t<\/a>\n\t\t<\/div>\n\t\t\t\t<\/div>\n\t\t\t\t<\/div>\n\t\t\t\t<\/div>\n\t\t<div class=\"elementor-element elementor-element-ce74527 e-con-full e-flex e-con e-child\" data-id=\"ce74527\" data-element_type=\"container\">\n\t\t\t\t<div class=\"elementor-element elementor-element-310e2ad elementor-align-center elementor-mobile-align-justify elementor-widget elementor-widget-button\" data-id=\"310e2ad\" data-element_type=\"widget\" data-widget_type=\"button.default\">\n\t\t\t\t<div class=\"elementor-widget-container\">\n\t\t\t\t\t<div class=\"elementor-button-wrapper\">\n\t\t\t<a class=\"elementor-button elementor-button-link elementor-size-sm\" href=\"https:\/\/sommaroyadventure.no\/\">\n\t\t\t\t\t\t<span class=\"elementor-button-content-wrapper\">\n\t\t\t\t\t\t\t\t\t<span class=\"elementor-button-text\">Aktiviteter<\/span>\n\t\t\t\t\t<\/span>\n\t\t\t\t\t<\/a>\n\t\t<\/div>\n\t\t\t\t<\/div>\n\t\t\t\t<\/div>\n\t\t\t\t<\/div>\n\t\t\t\t<\/div>\n\t\t\t\t<\/div>\n\t\t\t\t\t<\/div>\n\t\t\t\t<\/div>\n\t\t\t\t<\/div>\n\t\t","protected":false},"excerpt":{"rendered":"<p>Ferge og buss 2025 FergeruteBrensholmen Kval\u00f8ya &#8211; Botnhamn Senja Se fergerute (PDF) V\u00e5rt hotell p\u00e5 Sommar\u00f8y \/ Hilles\u00f8y ligger 10 min. kj\u00f8ring (8 km) fra fergeleiet p\u00e5 Brensholmen. Overfarten tar 40 min. \u00c5pen restaurant alle dager 12-2130 BussTroms\u00f8 &#8211; Sommar\u00f8y S\u00f8k busstider S\u00f8k fra Troms\u00f8 (Prostneset) til Hilles\u00f8y kryssSiste buss fra Troms\u00f8 er kl. 1613, [&hellip;]<\/p>\n","protected":false},"author":1,"featured_media":0,"parent":0,"menu_order":0,"comment_status":"closed","ping_status":"closed","template":"","meta":{"_seopress_robots_primary_cat":"","_seopress_titles_title":"","_seopress_titles_desc":"Fergerute Brensholmen Kval\u00f8ya - Botnhamn Senja. Sommar\u00f8y Hotel Troms\u00f8 ligger 8 km fra fergeleiet p\u00e5 Brensholmen. \u00c5pen restaurant til kl. 22.","_seopress_robots_index":"","site-sidebar-layout":"no-sidebar","site-content-layout":"page-builder","ast-site-content-layout":"","site-content-style":"default","site-sidebar-style":"default","ast-global-header-display":"","ast-banner-title-visibility":"","ast-main-header-display":"","ast-hfb-above-header-display":"","ast-hfb-below-header-display":"","ast-hfb-mobile-header-display":"","site-post-title":"disabled","ast-breadcrumbs-content":"","ast-featured-img":"disabled","footer-sml-layout":"","theme-transparent-header-meta":"enabled","adv-header-id-meta":"","stick-header-meta":"enabled","header-above-stick-meta":"","header-main-stick-meta":"","header-below-stick-meta":"","astra-migrate-meta-layouts":"default","ast-page-background-enabled":"default","ast-page-background-meta":{"desktop":{"background-color":"","background-image":"","background-repeat":"repeat","background-position":"center center","background-size":"auto","background-attachment":"scroll","background-type":"","background-media":"","overlay-type":"","overlay-color":"","overlay-opacity":"","overlay-gradient":""},"tablet":{"background-color":"","background-image":"","background-repeat":"repeat","background-position":"center center","background-size":"auto","background-attachment":"scroll","background-type":"","background-media":"","overlay-type":"","overlay-color":"","overlay-opacity":"","overlay-gradient":""},"mobile":{"background-color":"","background-image":"","background-repeat":"repeat","background-position":"center center","background-size":"auto","background-attachment":"scroll","background-type":"","background-media":"","overlay-type":"","overlay-color":"","overlay-opacity":"","overlay-gradient":""}},"ast-content-background-meta":{"desktop":{"background-color":"var(--ast-global-color-5)","background-image":"","background-repeat":"repeat","background-position":"center center","background-size":"auto","background-attachment":"scroll","background-type":"","background-media":"","overlay-type":"","overlay-color":"","overlay-opacity":"","overlay-gradient":""},"tablet":{"background-color":"var(--ast-global-color-5)","background-image":"","background-repeat":"repeat","background-position":"center center","background-size":"auto","background-attachment":"scroll","background-type":"","background-media":"","overlay-type":"","overlay-color":"","overlay-opacity":"","overlay-gradient":""},"mobile":{"background-color":"var(--ast-global-color-5)","background-image":"","background-repeat":"repeat","background-position":"center center","background-size":"auto","background-attachment":"scroll","background-type":"","background-media":"","overlay-type":"","overlay-color":"","overlay-opacity":"","overlay-gradient":""}},"footnotes":""},"class_list":["post-9772","page","type-page","status-publish","hentry"],"_links":{"self":[{"href":"https:\/\/sommaroy.no\/no\/wp-json\/wp\/v2\/pages\/9772","targetHints":{"allow":["GET"]}}],"collection":[{"href":"https:\/\/sommaroy.no\/no\/wp-json\/wp\/v2\/pages"}],"about":[{"href":"https:\/\/sommaroy.no\/no\/wp-json\/wp\/v2\/types\/page"}],"author":[{"embeddable":true,"href":"https:\/\/sommaroy.no\/no\/wp-json\/wp\/v2\/users\/1"}],"replies":[{"embeddable":true,"href":"https:\/\/sommaroy.no\/no\/wp-json\/wp\/v2\/comments?post=9772"}],"version-history":[{"count":68,"href":"https:\/\/sommaroy.no\/no\/wp-json\/wp\/v2\/pages\/9772\/revisions"}],"predecessor-version":[{"id":29740,"href":"https:\/\/sommaroy.no\/no\/wp-json\/wp\/v2\/pages\/9772\/revisions\/29740"}],"wp:attachment":[{"href":"https:\/\/sommaroy.no\/no\/wp-json\/wp\/v2\/media?parent=9772"}],"curies":[{"name":"wp","href":"https:\/\/api.w.org\/{rel}","templated":true}]}}